{"id":31455,"date":"2025-06-19T13:02:05","date_gmt":"2025-06-19T13:02:05","guid":{"rendered":"https:\/\/steypustodin.is\/?page_id=31455"},"modified":"2025-06-19T13:02:29","modified_gmt":"2025-06-19T13:02:29","slug":"umhverfisstefna","status":"publish","type":"page","link":"https:\/\/steypustodin.is\/pl\/umhverfisstefna\/","title":{"rendered":"Umhverfisstefna"},"content":{"rendered":"<h1 data-start=\"159\" data-end=\"180\"><strong data-start=\"161\" data-end=\"180\">Umhverfisstefna<\/strong><\/h1>\n<h2 data-start=\"182\" data-end=\"200\"><strong data-start=\"185\" data-end=\"198\">Tilgangur<\/strong><\/h2>\n<p data-start=\"201\" data-end=\"565\"><strong data-start=\"201\" data-end=\"306\">Stefnan er sett til \u00feess a\u00f0 marka sk\u00fdra stefnu \u00ed umhverfism\u00e1lum og sem lei\u00f0arlj\u00f3s \u00ed daglegum rekstri.<\/strong><br data-start=\"306\" data-end=\"309\" \/>Stj\u00f3rnendum og eigendum Steypust\u00f6\u00f0varinnar er umhuga\u00f0 um n\u00e1tt\u00faru \u00cdslands og vilja hl\u00faa a\u00f0 henni og vernda umhverfi\u00f0 fyrir kynsl\u00f3\u00f0ir framt\u00ed\u00f0arinnar. Stefnan tekur mi\u00f0 af sj\u00e1lfb\u00e6rnistefnu f\u00e9lagsins \u00e1samt \u00fev\u00ed a\u00f0 uppfylla kr\u00f6fur \u00ed l\u00f6gum, reglum og regluger\u00f0um.<\/p>\n<h2 data-start=\"567\" data-end=\"582\"><strong data-start=\"570\" data-end=\"580\">Umfang<\/strong><\/h2>\n<p data-start=\"583\" data-end=\"908\"><strong data-start=\"583\" data-end=\"660\">Umhverfisstefnan tekur til allrar starfsemi og starfst\u00f6\u00f0va fyrirt\u00e6kisins.<\/strong><br data-start=\"660\" data-end=\"663\" \/>\u00dea\u00f0 \u00e1 jafnt vi\u00f0 um steypust\u00f6\u00f0var, einingarverksmi\u00f0ju, helluverksmi\u00f0ju, malarn\u00e1mur, hverskonar \u00f6kut\u00e6ki og sto\u00f0deildir svo sem verkst\u00e6\u00f0i, ranns\u00f3knarstofur og skrifstofur. Starfsf\u00f3lk skal vir\u00f0a umhverfisstefnuna \u00ed \u00f6llum st\u00f6rfum s\u00ednum fyrir f\u00e9lagi\u00f0.<\/p>\n<h2 data-start=\"910\" data-end=\"926\"><strong data-start=\"913\" data-end=\"924\">Markmi\u00f0<\/strong><\/h2>\n<ul data-start=\"927\" data-end=\"1841\">\n<li data-start=\"927\" data-end=\"1002\">\n<p data-start=\"929\" data-end=\"1002\"><strong data-start=\"929\" data-end=\"1000\">&#8211; A\u00f0 reka fyrirt\u00e6ki\u00f0 \u00feannig a\u00f0 neikv\u00e6\u00f0 umhverfis\u00e1hrif s\u00e9u \u00ed l\u00e1gmarki.<\/strong><\/p>\n<\/li>\n<li data-start=\"1003\" data-end=\"1179\">\n<p data-start=\"1005\" data-end=\"1179\"><strong data-start=\"1005\" data-end=\"1177\">&#8211; A\u00f0 taka tillit til al\u00fej\u00f3\u00f0legra markmi\u00f0a var\u00f0andi loftslagm\u00e1l og vinna markvisst a\u00f0 \u00fev\u00ed a\u00f0 draga \u00far losun gr\u00f3\u00f0urh\u00fasalofttegunda og \u00feannig \u00far kolefnisspori starfseminnar.<\/strong><\/p>\n<\/li>\n<li data-start=\"1180\" data-end=\"1351\">\n<p data-start=\"1182\" data-end=\"1351\"><strong data-start=\"1182\" data-end=\"1349\">&#8211; A\u00f0 stu\u00f0la\u00f0 ver\u00f0i a\u00f0 fulln\u00fdtingu \u00fargangs sem fellur til vi\u00f0 framlei\u00f0slu efnis og a\u00f0 reynt s\u00e9 a\u00f0 komast hj\u00e1 \u00fev\u00ed eftir bestu getu a\u00f0 sorp ver\u00f0i nota\u00f0 \u00ed landfyllingar.<\/strong><\/p>\n<\/li>\n<li data-start=\"1352\" data-end=\"1406\">\n<p data-start=\"1354\" data-end=\"1406\"><strong data-start=\"1354\" data-end=\"1404\">&#8211; A\u00f0 leggja aukna \u00e1herslu \u00e1 hringr\u00e1sarhagkerfi\u00f0.<\/strong><\/p>\n<\/li>\n<li data-start=\"1407\" data-end=\"1550\">\n<p data-start=\"1409\" data-end=\"1550\"><strong data-start=\"1409\" data-end=\"1548\">&#8211; A\u00f0 vera me\u00f0vitu\u00f0 um umhverfis\u00e1h\u00e6ttur f\u00e9lagsins og gera r\u00e1\u00f0stafanir til a\u00f0 draga \u00far l\u00edkum \u00e1 umhverfis\u00f3h\u00f6ppum og koma \u00ed veg fyrir mengun.<\/strong><\/p>\n<\/li>\n<li data-start=\"1551\" data-end=\"1637\">\n<p data-start=\"1553\" data-end=\"1637\"><strong data-start=\"1553\" data-end=\"1635\">&#8211; A\u00f0 notu\u00f0 ver\u00f0i umhverfisv\u00e6nni efni og a\u00f0 starfsemin mengi hvorki land n\u00e9 vatn.<\/strong><\/p>\n<\/li>\n<li data-start=\"1638\" data-end=\"1707\">\n<p data-start=\"1640\" data-end=\"1707\"><strong data-start=\"1005\" data-end=\"1177\">&#8211; <\/strong><strong data-start=\"1640\" data-end=\"1705\">A\u00f0 menga\u00f0 loft, ryk og \u00f3\u00feefur berist ekki \u00fat \u00ed andr\u00famslofti\u00f0.<\/strong><\/p>\n<\/li>\n<li data-start=\"1708\" data-end=\"1759\">\n<p data-start=\"1710\" data-end=\"1759\"><strong data-start=\"1710\" data-end=\"1757\">&#8211; A\u00f0 notkun efnis og au\u00f0linda ver\u00f0i sj\u00e1lfb\u00e6r.<\/strong><\/p>\n<\/li>\n<li data-start=\"1760\" data-end=\"1841\">\n<p data-start=\"1762\" data-end=\"1841\"><strong data-start=\"1762\" data-end=\"1841\">&#8211; A\u00f0 h\u00fasn\u00e6\u00f0i, farart\u00e6ki, v\u00e9lar og \u00f6nnur t\u00e6ki s\u00e9u snyrtileg og vel vi\u00f0 haldi\u00f0.<\/strong><\/p>\n<\/li>\n<\/ul>\n<h2 data-start=\"1843\" data-end=\"1870\"><\/h2>\n<h2 data-start=\"1843\" data-end=\"1870\"><strong data-start=\"1846\" data-end=\"1868\">Lei\u00f0ir a\u00f0 markmi\u00f0i<\/strong><\/h2>\n<ul data-start=\"1871\" data-end=\"3696\">\n<li data-start=\"1871\" data-end=\"2068\">\n<p data-start=\"1873\" data-end=\"2068\"><strong data-start=\"1873\" data-end=\"2066\">&#8211; Tryggja skal a\u00f0 unni\u00f0 ver\u00f0i a\u00f0 st\u00f6\u00f0ugum umb\u00f3tum me\u00f0 \u00fev\u00ed a\u00f0 halda utan um atvik, greina orsakir og framkv\u00e6ma umb\u00e6tur \u00ed umhverfim\u00e1lum, \u00ed samr\u00e6mi vi\u00f0 votta\u00f0 umhverfisstj\u00f3rnunarkerfi ISO 14001.<\/strong><\/p>\n<\/li>\n<li data-start=\"2069\" data-end=\"2333\">\n<p data-start=\"2071\" data-end=\"2333\"><strong data-start=\"2071\" data-end=\"2185\">&#8211; Steypust\u00f6\u00f0in leggur r\u00edka \u00e1herslu \u00e1 a\u00f0 efla umhverfisvitund starfsf\u00f3lks me\u00f0 markvissri fr\u00e6\u00f0slu um umhverfism\u00e1l.<\/strong> Stefnan skal kynnt fyrir starfsf\u00f3lki og fr\u00e6\u00f0sla um umhverfism\u00e1l skal vera vi\u00f0varandi verkefni, me\u00f0al annars \u00e1 morgunfundum og me\u00f0 n\u00e1mskei\u00f0ahaldi.<\/p>\n<\/li>\n<li data-start=\"2334\" data-end=\"2476\">\n<p data-start=\"2336\" data-end=\"2476\"><strong data-start=\"2336\" data-end=\"2474\">&#8211; Vi\u00f0varandi hvatningu skal mi\u00f0la\u00f0 til starfsmanna um a\u00f0 taka \u00fe\u00e1tt \u00ed vi\u00f0leitni fyrirt\u00e6kisins til a\u00f0 minnka umhverfis\u00e1hrif starfseminnar.<\/strong><\/p>\n<\/li>\n<li data-start=\"2477\" data-end=\"2674\">\n<p data-start=\"2479\" data-end=\"2674\"><strong data-start=\"2479\" data-end=\"2615\">&#8211; Draga skal \u00far \u00fargangi og tryggja skal vi\u00f0eigandi a\u00f0st\u00f6\u00f0u \u00e1 \u00f6llum starfst\u00f6\u00f0vum \u00fear sem h\u00e6gt er a\u00f0 flokka og geyma sorp og spilliefni.<\/strong> Sl\u00edka a\u00f0st\u00f6\u00f0u skal merkja \u00e1 sk\u00fdran og lei\u00f0beinandi h\u00e1tt.<\/p>\n<\/li>\n<li data-start=\"2675\" data-end=\"2741\">\n<p data-start=\"2677\" data-end=\"2741\"><strong data-start=\"2677\" data-end=\"2739\">&#8211; Tryggja skal a\u00f0 spilliefnum s\u00e9 farga\u00f0 \u00e1 vi\u00f0urkenndan h\u00e1tt.<\/strong><\/p>\n<\/li>\n<li data-start=\"2742\" data-end=\"2878\">\n<p data-start=\"2744\" data-end=\"2878\"><strong data-start=\"2744\" data-end=\"2876\">&#8211; Framkv\u00e6ma \u00e1h\u00e6ttumat m.t.t. umhverfism\u00e1la \u00e1 \u00f6llum starfsst\u00f6\u00f0vum og sinna reglubundinni v\u00f6ktun me\u00f0 starfsst\u00f6\u00f0vum, v\u00e9lum og t\u00e6kjum.<\/strong><\/p>\n<\/li>\n<li data-start=\"2879\" data-end=\"3074\">\n<p data-start=\"2881\" data-end=\"3074\"><strong data-start=\"2881\" data-end=\"2981\">&#8211; Tryggja skal gott vi\u00f0hald allra farart\u00e6kja og v\u00e9la sem nota\u00f0ar eru \u00e1 starfst\u00f6\u00f0vum fyrirt\u00e6kisins.<\/strong> S\u00e9rstaklega skal huga a\u00f0 mengunarv\u00f6rnum og ol\u00edusmiti og lagf\u00e6ra sl\u00edkt vi\u00f0 fyrsta t\u00e6kif\u00e6ri.<\/p>\n<\/li>\n<li data-start=\"3075\" data-end=\"3166\">\n<p data-start=\"3077\" data-end=\"3166\"><strong data-start=\"3077\" data-end=\"3164\">&#8211; Starfst\u00f6\u00f0vum fyrirt\u00e6kisins skal haldi\u00f0 hreinum og \u00f6ryggismerkingar vera til sta\u00f0ar.<\/strong><\/p>\n<\/li>\n<li data-start=\"3167\" data-end=\"3257\">\n<p data-start=\"3169\" data-end=\"3257\"><strong data-start=\"3169\" data-end=\"3255\">&#8211; Vinna n\u00e1i\u00f0 me\u00f0 birgjum og vi\u00f0skiptavinum fyrirt\u00e6kisins \u00ed anda umhverfisstefnunnar.<\/strong><\/p>\n<\/li>\n<li data-start=\"3258\" data-end=\"3576\">\n<p data-start=\"3260\" data-end=\"3576\"><strong data-start=\"3260\" data-end=\"3454\">&#8211; Steypust\u00f6\u00f0in gerir kr\u00f6fu til \u00feeirra sem sinna stj\u00f3rnunar- og lei\u00f0togahlutverki a\u00f0 s\u00fdna gott ford\u00e6mi \u00feegar kemur a\u00f0 umhverfism\u00e1lum og hvetji starfsf\u00f3lk sitt til a\u00f0 huga vel a\u00f0 \u00feessum atri\u00f0um.<\/strong> \u00c1byrg\u00f0in er sk\u00fdr og starfsf\u00f3lk veit og finnur a\u00f0 umhverfis\u00fe\u00e6ttir eru haf\u00f0ir a\u00f0 lei\u00f0arlj\u00f3si vi\u00f0 \u00e1kvar\u00f0anir \u00ed rekstrinum.<\/p>\n<\/li>\n<li data-start=\"3577\" data-end=\"3696\">\n<p data-start=\"3579\" data-end=\"3696\"><strong data-start=\"3579\" data-end=\"3696\">&#8211; Innkaup f\u00e9lagsins taka mi\u00f0 af \u00feessari stefnu og \u00fatgefnum si\u00f0areglum \u00feess sem sn\u00faa a\u00f0 a\u00f0keyptri \u00fej\u00f3nustu og v\u00f6rum.<\/strong><\/p>\n<\/li>\n<\/ul>\n<h2 data-start=\"3698\" data-end=\"3713\"><\/h2>\n<h2 data-start=\"3698\" data-end=\"3713\"><strong data-start=\"3701\" data-end=\"3711\">\u00c1byrg\u00f0<\/strong><\/h2>\n<p data-start=\"3714\" data-end=\"4103\"><strong data-start=\"3714\" data-end=\"3847\">Stj\u00f3rnendur skulu s\u00fdna gott ford\u00e6mi og bera \u00e1byrg\u00f0 \u00e1 a\u00f0 skapa a\u00f0st\u00e6\u00f0ur og vinnuumhverfi til a\u00f0 hrinda \u00feessari stefnu \u00ed framkv\u00e6md.<\/strong><br data-start=\"3847\" data-end=\"3850\" \/>\u00c1byrg\u00f0 \u00e1 framkv\u00e6md umhverfisstefnu Steypust\u00f6\u00f0varinnar er fyrst og fremst hj\u00e1 framkv\u00e6mdastj\u00f3rn fyrirt\u00e6kisins, lei\u00f0toga \u00ed sj\u00e1lfb\u00e6rni, \u00f6ryggi og g\u00e6\u00f0um \u00e1samt verkstj\u00f3rum \u00e1 hverri starfst\u00f6\u00f0. Allt starfsf\u00f3lk skal kynna s\u00e9r efni stefnunnar og framfylgja henni.<\/p>\n<h2 data-start=\"4105\" data-end=\"4125\"><\/h2>\n<h2 data-start=\"4105\" data-end=\"4125\"><strong data-start=\"4108\" data-end=\"4123\">Endursko\u00f0un<\/strong><\/h2>\n<p data-start=\"4126\" data-end=\"4408\"><strong data-start=\"4126\" data-end=\"4185\">Umhverfisstefnan skal endursko\u00f0u\u00f0 \u00e1 tveggja \u00e1ra fresti.<\/strong><br data-start=\"4185\" data-end=\"4188\" \/>Endursko\u00f0unin er \u00e1 \u00e1byrg\u00f0 lei\u00f0toga \u00ed sj\u00e1lfb\u00e6rni, \u00f6ryggi og g\u00e6\u00f0um \u00e1samt framkv\u00e6mdastj\u00f3rn fyrirt\u00e6kisins. A\u00f0 endursko\u00f0un lokinni skal stefnan sam\u00feykkt af forstj\u00f3ra. \u00datg\u00e1fa me\u00f0 eldri dagsetningu fellur \u00fe\u00e1 jafnframt \u00far gildi.<\/p>\n<div class=\"page\" title=\"Page 1\">\n<div class=\"layoutArea\">\n<p>&nbsp;<\/p>\n<\/div>\n<\/div>","protected":false},"excerpt":{"rendered":"<p>Umhverfisstefna Tilgangur Stefnan er sett til \u00feess a\u00f0 marka sk\u00fdra stefnu \u00ed umhverfism\u00e1lum og sem lei\u00f0arlj\u00f3s \u00ed daglegum rekstri.Stj\u00f3rnendum og eigendum Steypust\u00f6\u00f0varinnar er umhuga\u00f0 um n\u00e1tt\u00faru \u00cdslands og vilja hl\u00faa a\u00f0 henni og vernda umhverfi\u00f0 fyrir kynsl\u00f3\u00f0ir framt\u00ed\u00f0arinnar. Stefnan tekur mi\u00f0 af sj\u00e1lfb\u00e6rnistefnu f\u00e9lagsins \u00e1samt \u00fev\u00ed a\u00f0 uppfylla kr\u00f6fur \u00ed l\u00f6gum, reglum og regluger\u00f0um. Umfang&#8230;  <a class=\"excerpt-read-more\" href=\"https:\/\/steypustodin.is\/pl\/umhverfisstefna\/\" title=\"Read Umhverfisstefna\">Czytaj dalej &raquo;<\/a><\/p>","protected":false},"author":4,"featured_media":0,"parent":0,"menu_order":0,"comment_status":"closed","ping_status":"closed","template":"","meta":{"_acf_changed":false,"_breakdance_hide_in_design_set":false,"_breakdance_tags":"","footnotes":""},"class_list":["post-31455","page","type-page","status-publish","hentry"],"acf":[],"_links":{"self":[{"href":"https:\/\/steypustodin.is\/pl\/wp-json\/wp\/v2\/pages\/31455","targetHints":{"allow":["GET"]}}],"collection":[{"href":"https:\/\/steypustodin.is\/pl\/wp-json\/wp\/v2\/pages"}],"about":[{"href":"https:\/\/steypustodin.is\/pl\/wp-json\/wp\/v2\/types\/page"}],"author":[{"embeddable":true,"href":"https:\/\/steypustodin.is\/pl\/wp-json\/wp\/v2\/users\/4"}],"replies":[{"embeddable":true,"href":"https:\/\/steypustodin.is\/pl\/wp-json\/wp\/v2\/comments?post=31455"}],"version-history":[{"count":0,"href":"https:\/\/steypustodin.is\/pl\/wp-json\/wp\/v2\/pages\/31455\/revisions"}],"wp:attachment":[{"href":"https:\/\/steypustodin.is\/pl\/wp-json\/wp\/v2\/media?parent=31455"}],"curies":[{"name":"wp","href":"https:\/\/api.w.org\/{rel}","templated":true}]}}