{"id":25693,"date":"2024-03-21T11:54:28","date_gmt":"2024-03-21T11:54:28","guid":{"rendered":"https:\/\/steypustodin.is\/?page_id=25693"},"modified":"2025-01-13T07:29:51","modified_gmt":"2025-01-13T07:29:51","slug":"sjalfbaernistefna","status":"publish","type":"page","link":"https:\/\/steypustodin.is\/pl\/sjalfbaernistefna\/","title":{"rendered":"Sj\u00e1lfb\u00e6rnistefna"},"content":{"rendered":"<div class=\"page\" title=\"Page 1\">\n<div class=\"layoutArea\">\n<div class=\"column\">\n<h1>Sja\u0301lfb\u00e6rnistefna Steypusto\u0308\u00f0varinnar<\/h1>\n<div class=\"page\" title=\"Page 1\">\n<div class=\"layoutArea\">\n<div class=\"column\">\n<ul>\n<li>\n<h2>\u2022 Sterk umhverfisa\u0301byrg\u00f0<\/h2>\n<\/li>\n<\/ul>\n<h2>\u2022 Sterk samfe\u0301lagsleg a\u0301byrg\u00f0<\/h2>\n<h2>\u2022 Steypum b\u00e6inn gr\u00e6nan<\/h2>\n<h2>\u2022 Byggjum sterkari framti\u0301\u00f0 fyrir komandi kynslo\u0301\u00f0ir<\/h2>\n<h3><img decoding=\"async\" class=\"alignleft wp-image-25694 size-large lazyload\" data-src=\"https:\/\/steypustodin.is\/wp-content\/uploads\/2024\/03\/sjalfbaerni-merki-e1710460770813-1024x58.png?_t=1710460772\" alt=\"\" width=\"680\" height=\"39\" data-srcset=\"https:\/\/steypustodin.is\/wp-content\/uploads\/2024\/03\/sjalfbaerni-merki-e1710460770813-1024x58.png 1024w, https:\/\/steypustodin.is\/wp-content\/uploads\/2024\/03\/sjalfbaerni-merki-e1710460770813-600x34.png 600w, https:\/\/steypustodin.is\/wp-content\/uploads\/2024\/03\/sjalfbaerni-merki-e1710460770813-300x17.png 300w, https:\/\/steypustodin.is\/wp-content\/uploads\/2024\/03\/sjalfbaerni-merki-e1710460770813-768x43.png 768w, https:\/\/steypustodin.is\/wp-content\/uploads\/2024\/03\/sjalfbaerni-merki-e1710460770813-1536x87.png 1536w, https:\/\/steypustodin.is\/wp-content\/uploads\/2024\/03\/sjalfbaerni-merki-e1710460770813-2048x116.png 2048w\" data-sizes=\"(max-width: 680px) 100vw, 680px\" src=\"data:image\/svg+xml;base64,PHN2ZyB3aWR0aD0iMSIgaGVpZ2h0PSIxIiB4bWxucz0iaHR0cDovL3d3dy53My5vcmcvMjAwMC9zdmciPjwvc3ZnPg==\" style=\"--smush-placeholder-width: 680px; --smush-placeholder-aspect-ratio: 680\/39;\" \/><\/h3>\n<h3><\/h3>\n<h3><\/h3>\n<h3 style=\"text-align: left;\">Tilgangur<\/h3>\n<div class=\"page\" title=\"Page 1\">\n<div class=\"layoutArea\">\n<p>Steypust\u00f6\u00f0in leggur \u00e1herslu \u00e1 a\u00f0 starfa \u00ed s\u00e1tt vi\u00f0 umhverfi og samf\u00e9lag. Starfsemin er rekin \u00ed samr\u00e6mi vi\u00f0 sk\u00fdr og m\u00e6lanleg markmi\u00f0 \u00ed sj\u00e1lfb\u00e6rnim\u00e1lum. Tilgangur sj\u00e1lfb\u00e6rnistefnu Steypust\u00f6\u00f0varinnar er a\u00f0 skilgreina markmi\u00f0 og megin\u00e1herslur \u00ed sj\u00e1lfb\u00e6rnim\u00e1lum \u00fear sem fyrirt\u00e6ki\u00f0 gefur lofor\u00f0 um a\u00f0 \u00fea\u00f0 \u00e6tli \u00e1 \u00e1byrgan h\u00e1tt a\u00f0 haga starfseminni \u00feannig a\u00f0 h\u00fan l\u00e1gmarki neikv\u00e6\u00f0 umhverfis\u00e1hrif eins miki\u00f0 og kostur er. R\u00edk \u00e1hersla er \u00fev\u00ed l\u00f6g\u00f0 \u00e1 a\u00f0 draga \u00far \u00feeim \u00e1hrifum sem framlei\u00f0sla \u00e1 steypu og flutningur hennar veldur til \u00feess a\u00f0 vernda umhverfi\u00f0 fyrir komandi kynsl\u00f3\u00f0ir. Enn fremur leggjum vi\u00f0 kapp vi\u00f0 a\u00f0 veita starfsf\u00f3lkinu okkar \u00f6ruggt og heilbrigt umhverfi. Vi\u00f0 leggjum \u00e1herslu \u00e1 hagkv\u00e6mar lausnir og a\u00f0 sj\u00e1lfb\u00e6rni s\u00e9 h\u00f6f\u00f0 a\u00f0 lei\u00f0arlj\u00f3si \u00ed allri \u00e1kvar\u00f0anat\u00f6ku.<\/p>\n<p>Stj\u00f3rnv\u00f6ld hafa sett sk\u00fdr markmi\u00f0 um a\u00f0ger\u00f0ir gegn loftslagsbreytingum til \u00feess a\u00f0 uppfylla Par\u00edsars\u00e1ttm\u00e1lann. Steypust\u00f6\u00f0in \u00e6tlar a\u00f0 leggja sitt af m\u00f6rkum \u00ed hringr\u00e1sarhagkerfi\u00f0, stu\u00f0la a\u00f0 vistv\u00e6nni mannvirkjager\u00f0 \u00e1samt \u00fev\u00ed a\u00f0 l\u00e1gmarka kolefnislosun, au\u00f0lindan\u00fdtingu og \u00fargang. Vi\u00f0 leggjum einnig r\u00edka \u00e1herslu \u00e1 a\u00f0 vera me\u00f0vitu\u00f0 um breytingar \u00e1 kr\u00f6fum stj\u00f3rnvalda og fylgja \u00feeim a\u00f0 \u00f6llu leyti.<\/p>\n<p>\u00dea\u00f0 er stefna fyrirt\u00e6kisins a\u00f0 starfsf\u00f3lk s\u00e9 uppl\u00fdst um sj\u00e1lfb\u00e6rnim\u00e1l og a\u00f0 \u00feeirri \u00feekkingu s\u00e9 vi\u00f0haldi\u00f0 me\u00f0 fr\u00e6\u00f0slu til \u00feess a\u00f0 \u00fdta enn fremur undir \u00fea\u00f0 a\u00f0 starfsf\u00f3lk tileinki s\u00e9r a\u00f0 hafa sj\u00e1lfb\u00e6rni og samf\u00e9lagslega \u00e1byrg\u00f0 a\u00f0 lei\u00f0arlj\u00f3si \u00ed starfi s\u00ednu hj\u00e1 Steypust\u00f6\u00f0inni.<\/p>\n<p>Steypust\u00f6\u00f0in vill vera til fyrirmyndar \u00feegar kemur a\u00f0 \u00f6llum \u00feremur sto\u00f0um sj\u00e1lfb\u00e6rrar \u00fer\u00f3unar, \u00fe.e. umhverfislegum \u00fe\u00e1ttum, f\u00e9lagslegum \u00fe\u00e1ttum og stj\u00f3rnarh\u00e1ttum. \u00de\u00e1 tekur Steypust\u00f6\u00f0in tillit til al\u00fej\u00f3\u00f0legra markmi\u00f0a var\u00f0andi sj\u00e1lfb\u00e6rni og hefur \u00fev\u00ed lagt \u00e1herslu \u00e1 eftirfarandi Heimsmarkmi\u00f0 Sameinu\u00f0u \u00dej\u00f3\u00f0anna \u00ed allri sinni starfsemi og daglegum rekstri:<\/p>\n<div class=\"column\">\n<img decoding=\"async\" class=\"wp-image-25694 size-large aligncenter lazyload\" data-src=\"https:\/\/steypustodin.is\/wp-content\/uploads\/2024\/03\/sjalfbaerni-merki-1024x269.png?_t=1710458183\" alt=\"\" width=\"680\" height=\"179\" src=\"data:image\/svg+xml;base64,PHN2ZyB3aWR0aD0iMSIgaGVpZ2h0PSIxIiB4bWxucz0iaHR0cDovL3d3dy53My5vcmcvMjAwMC9zdmciPjwvc3ZnPg==\" style=\"--smush-placeholder-width: 680px; --smush-placeholder-aspect-ratio: 680\/179;\" \/>\n<h3>Umfang<\/h3>\n<div class=\"page\" title=\"Page 1\">\n<div class=\"layoutArea\">\n<div class=\"column\">Sja\u0301lfb\u00e6rnistefna Steypusto\u0308\u00f0varinnar tekur til allrar starfsemi og starfsto\u0308\u00f0va fyrirt\u00e6kisins. \u00dea\u00f0 a\u0301 jafnt vi\u00f0 um steypusto\u0308\u00f0var, einingaverksmi\u00f0ju, helluverksmi\u00f0ju, malarna\u0301mur, hvers konar o\u0308kut\u00e6ki og sto\u00f0deildir, svo sem verkst\u00e6\u00f0i, rannso\u0301knarstofur og skrifstofur.<\/div>\n<\/div>\n<\/div>\n<h1><\/h1>\n<h2>UMHVERFI<\/h2>\n<hr \/>\n<h3>Markmi\u00f0 og a\u00f0ger\u00f0ir<\/h3>\n<p><strong>\u2022 Kolefnisf\u00f3tspor<br \/>\n<\/strong>Steypust\u00f6\u00f0in stefnir \u00e1 a\u00f0 fylgja stefnu stj\u00f3rnvalda me\u00f0 \u00fea\u00f0 a\u00f0 markmi\u00f0i a\u00f0 draga \u00far losun gr\u00f3\u00f0urh\u00fasalofttegunda um a.m.k. 55% fyrir 2030 (mi\u00f0ast vi\u00f0 \u00e1ri\u00f0 1990).<\/p>\n<p><strong>Lei\u00f0ir a\u00f0 markmi\u00f0i<br \/>\n<\/strong>&#8211; Draga u\u0301r losun gro\u0301\u00f0urhu\u0301salofttegunda.<br \/>\n&#8211; Minnka notkun a\u0301 jar\u00f0efnaeldsneyti og auka notkun a\u0301 endurny\u0301janlegum orkugjo\u0308fum.<br \/>\n&#8211; Auka framlei\u00f0slu \u00e1 steypu me\u00f0 l\u00e6gra kolefnisspor og leggja \u00e1herslu \u00e1 skilvirka notkun sements.<br \/>\n&#8211; Tryggja gott vi\u00f0hald allra farart\u00e6kja og v\u00e9la sem nota\u00f0ar eru \u00e1 starfsst\u00f6\u00f0vum fyrirt\u00e6kisins.<br \/>\n&#8211; Huga s\u00e9rstaklega a\u00f0 mengunarv\u00f6rnum og ol\u00edusmiti og lagf\u00e6ra sl\u00edkt vi\u00f0 fyrsta t\u00e6kif\u00e6ri.<\/p>\n<p><strong>\u2022 \u00dargangsm\u00e1l<br \/>\n<\/strong>Vi\u00f0 stefnum a\u0301 10% minnkun i\u0301 magni u\u0301rgangs a\u0301 milli a\u0301ra og \u00feannig skilvirkari notkun hra\u0301efna. \u00dear a\u00f0 auki stefnum vi\u00f0 a\u0301 10% aukningu i\u0301 flokkun a\u0301 milli a\u0301ra.<br \/>\n<strong>Lei\u00f0ir a\u00f0 markmi\u00f0i<br \/>\n<\/strong>&#8211; Tryggja vi\u00f0eigandi a\u00f0st\u00f6\u00f0u til flokkunar \u00e1 \u00f6llum starfsst\u00f6\u00f0vum.<br \/>\n&#8211; Leggja aukna \u00e1herslu \u00e1 hringr\u00e1sarhagkerfi\u00f0.<br \/>\n&#8211; Koma afgangssteypu, um 3-5%, inn \u00ed hringr\u00e1sarhagkerfi\u00f0.<br \/>\n&#8211; Bj\u00f3\u00f0a upp \u00e1 steypu \u00fear sem hluti steinefna er endurn\u00fdtt g\u00f6mul steypa.<br \/>\n&#8211; Endurvinna vinnsluvatn \u00ed framlei\u00f0slu sem er sta\u00f0la\u00f0ur \u00fe\u00e1ttur \u00ed framlei\u00f0slunni \u00ed dag.<br \/>\n&#8211; Tryggja a\u00f0 spilliefnum s\u00e9 farga\u00f0 \u00e1 vi\u00f0urkenndan h\u00e1tt.<\/p>\n<p><strong>\u2022 Samg\u00f6ngur<br \/>\n<\/strong>Stefnt er a\u00f0 \u00fev\u00ed a\u00f0 70% flotans s\u00e9u rafmagnsb\u00edlar fyrir \u00e1ri\u00f0 2032. Steypust\u00f6\u00f0in hefur n\u00fa \u00feegar keypt og teki\u00f0 \u00ed notkun 6 rafmagns steypub\u00edla. Fyrirt\u00e6kjab\u00edlar \u00e1 skrifstofu eru n\u00fa \u00feegar rafmagnsb\u00edlar. Einnig hefur veri\u00f0 keyptur einn rafmagnsdr\u00e1ttarb\u00edll og tv\u00e6r tvinn-steypud\u00e6lur sem ganga fyrir rafmagni \u00e1 verksta\u00f0.<br \/>\n<strong>Lei\u00f0ir a\u00f0 markmi\u00f0i<br \/>\n<\/strong>&#8211; A\u0301framhaldandi rafv\u00e6\u00f0ing flotans og annarra t\u00e6kja.<\/p>\n<p><strong>\u2022 Sja\u0301lfb\u00e6rar a\u00f0ger\u00f0ir innanhu\u0301ss<br \/>\n<\/strong>Stefnt er a\u00f0 \u00fevi\u0301 a\u00f0 lju\u0301ka 75% gr\u00e6nna skrefa i\u0301 Laufinu fyrir a\u0301rslok 2024.<br \/>\n<strong>Lei\u00f0ir a\u00f0 markmi\u00f0i<br \/>\n<\/strong>&#8211; Framkv\u00e6ma birgjamat.<br \/>\n&#8211; Innlei\u00f0a gr\u00e6na innkaupastefnu.<\/p>\n<p><strong>\u2022 Sy\u0301nilegt sja\u0301lfb\u00e6rt vo\u0308ruu\u0301rval<br \/>\n<\/strong>Vi\u00f0 stefnum a\u00f0 \u00fevi\u0301 a\u00f0 gera vi\u00f0skiptavinum au\u00f0velt me\u00f0 a\u00f0 velja umhverfisv\u00e6nni kost og a\u00f0 auka so\u0308lu a\u0301 sja\u0301lfb\u00e6rum vo\u0308rum a\u0301 milli a\u0301ra til \u00feess a\u00f0 koma i\u0301 veg fyrir mengun a\u0301 umhverfinu.<br \/>\n<strong>Lei\u00f0ir a\u00f0 markmi\u00f0i<br \/>\n<\/strong>&#8211; Bj\u00f3\u00f0a upp \u00e1 fj\u00f6lbreytt \u00farval af sj\u00e1lfb\u00e6rum v\u00f6rum \u00ed M\u00farverslun.<br \/>\n&#8211; Gera steypu me\u00f0 l\u00e6gra kolefnisf\u00f3tspor h\u00e6rra undir h\u00f6f\u00f0i.<br \/>\n&#8211; Bj\u00f3\u00f0a upp \u00e1 hringr\u00e1sarv\u00f6rur \u00far framlei\u00f0slunni okkar.<\/p>\n<p><strong>\u2022 \u00de\u00e1tttaka starfsmanna<br \/>\n<\/strong>Vi\u00f0 stefnum a\u00f0 \u00fevi\u0301 a\u00f0 allir starfsmenn hafi hloti\u00f0 vi\u00f0eigandi fr\u00e6\u00f0slu i\u0301 sja\u0301lfb\u00e6rnima\u0301lum fyrir 2026.<br \/>\n<strong>Lei\u00f0ir a\u00f0 markmi\u00f0i<br \/>\n<\/strong>&#8211; Fr\u00e6\u00f0sla um sja\u0301lfb\u00e6rnima\u0301l skal vera vi\u00f0varandi verkefni og skulu starfsmenn fa\u0301 reglulegar kynningar a\u0301 ma\u0301laflokknum.<br \/>\n&#8211; Allir starfsmenn skulu f\u00e1kynningu \u00e1 sj\u00e1lfb\u00e6rnistefnu fyrirt\u00e6kisins.<\/p>\n<p>Tryggja skal a\u00f0 unni\u00f0 ver\u00f0i a\u00f0 sto\u0308\u00f0ugum umbo\u0301tum i\u0301 umhverfisma\u0301lum i\u0301 samr\u00e6mi vi\u00f0 votta\u00f0 umhverfisstjo\u0301rnunarkerfi ISO 14001.<\/p>\n<h1><\/h1>\n<\/div>\n<\/div>\n<\/div>\n<div class=\"page\" title=\"Page 1\">\n<div class=\"layoutArea\">\n<div class=\"column\">\n<h2>F\u00c9LAGSLEGIR \u00de\u00c6TTIR<\/h2>\n<div class=\"page\" title=\"Page 2\">\n<div class=\"layoutArea\">\n<div class=\"column\">\n<div class=\"page\" title=\"Page 2\">\n<div class=\"layoutArea\">\n<div class=\"column\">\n<div class=\"page\" title=\"Page 2\">\n<div class=\"layoutArea\">\n<div class=\"column\">\n<div class=\"page\" title=\"Page 2\">\n<div class=\"layoutArea\">\n<div class=\"column\">\n<div class=\"page\" title=\"Page 2\">\n<div class=\"layoutArea\">\n<div class=\"column\">\n<div class=\"page\" title=\"Page 2\">\n<div class=\"layoutArea\">\n<div class=\"column\">\n<div class=\"page\" title=\"Page 2\">\n<div class=\"layoutArea\">\n<div class=\"column\">\n<div class=\"page\" title=\"Page 2\">\n<div class=\"layoutArea\">\n<div class=\"column\">\n<div class=\"page\" title=\"Page 2\">\n<div class=\"layoutArea\">\n<div class=\"column\">\n<div class=\"page\" title=\"Page 2\">\n<div class=\"layoutArea\">\n<div class=\"column\">\n<div class=\"page\" title=\"Page 2\">\n<div class=\"layoutArea\">\n<div class=\"column\">\n<div class=\"page\" title=\"Page 2\">\n<div class=\"layoutArea\">\n<div class=\"page\" title=\"Page 3\">\n<div class=\"layoutArea\">\n<div class=\"column\">\n<hr \/>\n<h3>Markmi\u00f0<\/h3>\n<p><strong>\u2022 Slysalaus vinnusta\u00f0ur<br \/>\n<\/strong>Vi\u00f0 stefnum alltaf a\u0301 a\u00f0 vera slysalaus vinnusta\u00f0ur og leggjum kapp vi\u00f0 a\u00f0 tryggja o\u0308ruggar vinnua\u00f0st\u00e6\u00f0ur fyrir starfsfo\u0301lki\u00f0 okkar.<br \/>\n<strong>Lei\u00f0ir a\u00f0 markmi\u00f0i<br \/>\n<\/strong>&#8211; Fr\u00e6\u00f0sla um \u00f6ryggism\u00e1l skal vera vi\u00f0varandi verkefni og skulu starfsmenn reglulega sitja \u00f6ryggisfr\u00e6\u00f0slu hj\u00e1 fyrirt\u00e6kinu.<br \/>\n&#8211; Auka skal \u00f6ryggisvitund starfsmanna me\u00f0 st\u00f6\u00f0ugum \u00f6ryggis\u00e1minningum \u00e1 \u00f6llum starfsst\u00f6\u00f0vum.<br \/>\n&#8211; Halda skal skilvirka skr\u00e1ningu slysa og atvika til a\u00f0 f\u00e1 yfirs\u00fdn yfir \u00fer\u00f3unina og forgangsra\u00f0a \u00farb\u00f3tum.<br \/>\n&#8211; Framkv\u00e6ma skal heildst\u00e6\u00f0a \u00e1h\u00e6ttugreiningu reglulega \u00e1 \u00f6llum starfsst\u00f6\u00f0vum til a\u00f0 bera kennsl \u00e1 m\u00f6gulega h\u00e6ttu \u00e1 vinnuslysum.<\/p>\n<p><strong>\u2022 Jafnlaunavottun<br \/>\n<\/strong>Stefna fe\u0301lagsins er a\u00f0 o\u0301u\u0301tsky\u0301r\u00f0ur launamunur se\u0301 enginn og a\u00f0 fra\u0301vik se\u0301 ekki meiri en 5%. \u00dea\u0301 er lo\u0308g\u00f0 a\u0301hersla a\u0301 a\u00f0 vi\u00f0hafa jafnlaunavottun.<br \/>\n<strong>Lei\u00f0ir a\u00f0 markmi\u00f0i<br \/>\n<\/strong>&#8211; Hafa sk\u00fdra jafnlaunastefnu.<br \/>\n&#8211; Fylgja jafnlaunavottun eftir me\u00f0 reglulegri eftirlitsvinnu og endursko\u00f0un \u00e1 launum.<\/p>\n<p><strong>\u2022 Styrkir til n\u00e6rsamfe\u0301lagsins<br \/>\n<\/strong>Stefna Steypusto\u0308\u00f0varinnar i\u0301 samfe\u0301lagslegum styrkjum er a\u00f0 styrkja go\u0301\u00f0 ma\u0301lefni a\u0301 \u00feeim sv\u00e6\u00f0um sem Steypusto\u0308\u00f0in starfar a\u0301. \u00dear a\u00f0 auki leggjum vi\u00f0 kapp vi\u00f0 a\u00f0 vera virkur \u00fea\u0301tttakandi i\u0301 vi\u00f0bur\u00f0um og verkefnum sem stu\u00f0la a\u00f0 vistv\u00e6nni mannvirkjager\u00f0.<br \/>\n<strong>Lei\u00f0ir a\u00f0 markmi\u00f0i<br \/>\n<\/strong>&#8211; Halda \u00e1fram a\u00f0 styrkja ver\u00f0ug m\u00e1lefni sem stu\u00f0la a\u00f0 sj\u00e1lfb\u00e6rum samf\u00e9l\u00f6gum.<\/p>\n<div class=\"page\" title=\"Page 3\">\n<div class=\"layoutArea\">\n<div class=\"column\">\n<div class=\"page\" title=\"Page 3\">\n<div class=\"layoutArea\">\n<div class=\"column\">\n<div class=\"page\" title=\"Page 3\">\n<div class=\"layoutArea\">\n<div class=\"column\">\n<div class=\"page\" title=\"Page 3\">\n<div class=\"layoutArea\">\n<div class=\"column\">\n<div class=\"page\" title=\"Page 3\">\n<div class=\"layoutArea\">\n<div class=\"column\">\n<h1><\/h1>\n<h2>STJ\u00d3RNARH\u00c6TTIR<\/h2>\n<hr \/>\n<h3>Markmi\u00f0 og a\u00f0ger\u00f0ir<\/h3>\n<div class=\"page\" title=\"Page 3\">\n<div class=\"layoutArea\">\n<div class=\"column\">\n<h4><strong>\u2022 <\/strong>Auki\u00f0 gagns\u00e6i \u00ed \u00e1kvar\u00f0anat\u00f6ku<\/h4>\n<p>Stefna \u00e1 auki\u00f0 gagns\u00e6i \u00ed \u00f6llum \u00e1kv\u00f6r\u00f0unum sem tengjast sj\u00e1lfb\u00e6rni.<br \/>\n<strong>Lei\u00f0ir a\u00f0 markmi\u00f0i<br \/>\n<\/strong>&#8211; Birta opinberar \u00e1rssk\u00fdrslur um sj\u00e1lfb\u00e6rnimarkmi\u00f0 og framvindu \u00feeirra.<\/p>\n<h4><strong>\u2022 <\/strong>\u00c1byrgir stj\u00f3rnarh\u00e6ttir og reglulegar \u00fattektir<\/h4>\n<p>Halda reglulegar \u00fattektir \u00e1 stj\u00f3rnarh\u00e1ttum fyrirt\u00e6kisins til a\u00f0 tryggja a\u00f0 sj\u00e1lfb\u00e6rni s\u00e9 vi\u00f0haldi\u00f0 \u00ed \u00f6llum \u00e1kv\u00f6r\u00f0unum.<\/p>\n<p><strong>Lei\u00f0ir a\u00f0 markmi\u00f0i<\/strong><\/p>\n<ul>\n<li>&#8211; Framkv\u00e6ma \u00e1rlega \u00fattekt \u00e1 umhverfis- og samf\u00e9lags\u00e1hrifum starfseminnar.<\/li>\n<li>&#8211; Innlei\u00f0a umhverfisstj\u00f3rnunarkerfi \u00ed samr\u00e6mi vi\u00f0 ISO 14001.<\/li>\n<li>&#8211; Setja rekstrarleg markmi\u00f0 \u00ed samr\u00e6mi vi\u00f0 j\u00e1kv\u00e6\u00f0 samf\u00e9lags\u00e1hrif til framt\u00ed\u00f0ar.<\/li>\n<\/ul>\n<h4><strong>\u2022 <\/strong>Innlei\u00f0ing \u00e1 si\u00f0areglum<\/h4>\n<p>M\u00f3ta og innlei\u00f0a si\u00f0areglur sem stu\u00f0la a\u00f0 \u00e1byrgu vinnusi\u00f0fer\u00f0i, jafnr\u00e6\u00f0i, og \u00e1byrgum vi\u00f0skiptavenjum \u00ed takt vi\u00f0 sj\u00e1lfb\u00e6rnimarkmi\u00f0 fyrirt\u00e6kisins.<\/p>\n<p><strong>Lei\u00f0ir a\u00f0 markmi\u00f0i<\/strong><\/p>\n<ul>\n<li>&#8211; Tryggja a\u00f0 starfsf\u00f3lk, vi\u00f0skiptavinir og a\u00f0rir haga\u00f0ilar s\u00e9u uppl\u00fdstir um sj\u00e1lfb\u00e6rnistefnu f\u00e9lagsins.<\/li>\n<\/ul>\n<h4><strong>\u2022 <\/strong>Sk\u00fdrar reglur um sj\u00e1lfb\u00e6rni \u00ed a\u00f0fangake\u00f0ju<\/h4>\n<p>Stefna um a\u00f0 samstarfsa\u00f0ilar fyrirt\u00e6kisins vinni einnig \u00ed takt vi\u00f0 sj\u00e1lfb\u00e6rnimarkmi\u00f0.<\/p>\n<p><strong>Lei\u00f0ir a\u00f0 markmi\u00f0i<\/strong><\/p>\n<ul>\n<li>Framkv\u00e6ma birgjamat \u00fat fr\u00e1 sj\u00e1lfb\u00e6rnivi\u00f0mi\u00f0um.<\/li>\n<li>\u00deetta m\u00e1 tryggja me\u00f0 samningum og \u00e1herslum \u00ed innkaupastefnu \u00fear sem skilyrt er a\u00f0 a\u00f0ilar uppfylli sj\u00e1lfb\u00e6rnivi\u00f0mi\u00f0.<\/li>\n<\/ul>\n<h2><\/h2>\n<h3>\u00c1byrg\u00f0<\/h3>\n<div class=\"page\" title=\"Page 3\">\n<div class=\"layoutArea\">\n<div class=\"column\">\n<p>A\u0301byrg\u00f0 a\u0301 sja\u0301lfb\u00e6rnistefnu Steypusto\u0308\u00f0varinnar er hja\u0301 framkv\u00e6mdastjo\u0301rn fyrirt\u00e6kisins a\u0301samt lei\u00f0toga i\u0301 sja\u0301lfb\u00e6rni-, o\u0308ryggis- og g\u00e6\u00f0ama\u0301lum.<\/p>\n<h2><\/h2>\n<h3>Endursko\u00f0un<\/h3>\n<div class=\"page\" title=\"Page 3\">\n<div class=\"layoutArea\">\n<div class=\"column\">\n<p>Steypusto\u0308\u00f0in ehf. \u00e6tlar a\u00f0 endursko\u00f0a \u00feessa stefnu reglulega me\u00f0 breytingum a\u0301 lo\u0308gum og rekstri \u00feess i\u0301 huga. Vi\u00f0 munum kynna \u00feessa stefnu fyrir starfsfo\u0301lki okkar og tryggja \u00fea\u00f0 a\u00f0 starfsfo\u0301lk se\u0301 \u00feja\u0301lfa\u00f0 i\u0301 a\u00f0 benda a\u0301 \u00fea\u00f0 sem betur ma\u0301 fara i\u0301 umhverfisma\u0301lum fyrirt\u00e6kisins. Fe\u0301lagi\u00f0 leggur einnig kapp vi\u00f0 a\u00f0 jafna u\u0301t alla eldsneytisnotkun.<\/p>\n<h2><\/h2>\n<h3>Sam\u00feykki<\/h3>\n<div title=\"Page 3\">\n<div>\n<div>Sja\u0301lfb\u00e6rnistefna og endursko\u00f0un hennar skal sam\u00feykkt af stjo\u0301rn Steypusto\u0308\u00f0varinnar.<\/div>\n<\/div>\n<\/div>\n<\/div>\n<\/div>\n<\/div>\n<\/div>\n<\/div>\n<\/div>\n<\/div>\n<\/div>\n<\/div>\n<\/div>\n<\/div>\n<\/div>\n<\/div>\n<\/div>\n<\/div>\n<\/div>\n<\/div>\n<\/div>\n<\/div>\n<\/div>\n<\/div>\n<\/div>\n<\/div>\n<\/div>\n<\/div>\n<\/div>\n<\/div>\n<\/div>\n<\/div>\n<\/div>\n<\/div>\n<\/div>\n<\/div>\n<\/div>\n<\/div>\n<\/div>\n<\/div>\n<\/div>\n<\/div>\n<\/div>\n<\/div>\n<\/div>\n<\/div>\n<\/div>\n<\/div>\n<\/div>\n<\/div>\n<\/div>\n<\/div>\n<\/div>\n<\/div>\n<\/div>\n<\/div>\n<\/div>\n<\/div>\n<\/div>\n<\/div>\n<\/div>\n<\/div>\n<\/div>\n<\/div>\n<\/div>\n<\/div>\n<\/div>\n<\/div>\n<\/div>\n<\/div>\n<\/div>\n<\/div>\n<\/div>\n<\/div>","protected":false},"excerpt":{"rendered":"<p>Sja\u0301lfb\u00e6rnistefna Steypusto\u0308\u00f0varinnar \u2022 Sterk umhverfisa\u0301byrg\u00f0 \u2022 Sterk samfe\u0301lagsleg a\u0301byrg\u00f0 \u2022 Steypum b\u00e6inn gr\u00e6nan \u2022 Byggjum sterkari framti\u0301\u00f0 fyrir komandi kynslo\u0301\u00f0ir Tilgangur Steypust\u00f6\u00f0in leggur \u00e1herslu \u00e1 a\u00f0 starfa \u00ed s\u00e1tt vi\u00f0 umhverfi og samf\u00e9lag. Starfsemin er rekin \u00ed samr\u00e6mi vi\u00f0 sk\u00fdr og m\u00e6lanleg markmi\u00f0 \u00ed sj\u00e1lfb\u00e6rnim\u00e1lum. Tilgangur sj\u00e1lfb\u00e6rnistefnu Steypust\u00f6\u00f0varinnar er a\u00f0 skilgreina markmi\u00f0 og megin\u00e1herslur \u00ed&#8230;  <a class=\"excerpt-read-more\" href=\"https:\/\/steypustodin.is\/pl\/sjalfbaernistefna\/\" title=\"Read Sj\u00e1lfb\u00e6rnistefna\">Czytaj dalej &raquo;<\/a><\/p>","protected":false},"author":22,"featured_media":0,"parent":0,"menu_order":0,"comment_status":"closed","ping_status":"closed","template":"","meta":{"_acf_changed":false,"_breakdance_hide_in_design_set":false,"_breakdance_tags":"","footnotes":""},"class_list":["post-25693","page","type-page","status-publish","hentry"],"acf":[],"_links":{"self":[{"href":"https:\/\/steypustodin.is\/pl\/wp-json\/wp\/v2\/pages\/25693","targetHints":{"allow":["GET"]}}],"collection":[{"href":"https:\/\/steypustodin.is\/pl\/wp-json\/wp\/v2\/pages"}],"about":[{"href":"https:\/\/steypustodin.is\/pl\/wp-json\/wp\/v2\/types\/page"}],"author":[{"embeddable":true,"href":"https:\/\/steypustodin.is\/pl\/wp-json\/wp\/v2\/users\/22"}],"replies":[{"embeddable":true,"href":"https:\/\/steypustodin.is\/pl\/wp-json\/wp\/v2\/comments?post=25693"}],"version-history":[{"count":0,"href":"https:\/\/steypustodin.is\/pl\/wp-json\/wp\/v2\/pages\/25693\/revisions"}],"wp:attachment":[{"href":"https:\/\/steypustodin.is\/pl\/wp-json\/wp\/v2\/media?parent=25693"}],"curies":[{"name":"wp","href":"https:\/\/api.w.org\/{rel}","templated":true}]}}