{"id":20380,"date":"2023-02-09T16:08:01","date_gmt":"2023-02-09T16:08:01","guid":{"rendered":"https:\/\/steypustodin.is\/?page_id=20380"},"modified":"2023-04-03T11:01:22","modified_gmt":"2023-04-03T11:01:22","slug":"storf-i-bodi-jobs-alfred","status":"publish","type":"page","link":"https:\/\/steypustodin.is\/pl\/storf-i-bodi-jobs-alfred\/","title":{"rendered":"St\u00f6rf \u00ed bo\u00f0i \/ Jobs"},"content":{"rendered":"<p><img decoding=\"async\" class=\"alignnone size-full wp-image-21191 lazyload\" data-src=\"https:\/\/steypustodin.is\/wp-content\/uploads\/2023\/04\/Sterkasta-lidid-1100x300-1.jpg\" alt=\"\" width=\"1000\" height=\"273\" data-srcset=\"https:\/\/steypustodin.is\/wp-content\/uploads\/2023\/04\/Sterkasta-lidid-1100x300-1.jpg 1000w, https:\/\/steypustodin.is\/wp-content\/uploads\/2023\/04\/Sterkasta-lidid-1100x300-1-600x164.jpg 600w, https:\/\/steypustodin.is\/wp-content\/uploads\/2023\/04\/Sterkasta-lidid-1100x300-1-300x82.jpg 300w, https:\/\/steypustodin.is\/wp-content\/uploads\/2023\/04\/Sterkasta-lidid-1100x300-1-768x210.jpg 768w\" data-sizes=\"(max-width: 1000px) 100vw, 1000px\" src=\"data:image\/svg+xml;base64,PHN2ZyB3aWR0aD0iMSIgaGVpZ2h0PSIxIiB4bWxucz0iaHR0cDovL3d3dy53My5vcmcvMjAwMC9zdmciPjwvc3ZnPg==\" style=\"--smush-placeholder-width: 1000px; --smush-placeholder-aspect-ratio: 1000\/273;\" \/><br \/>\n&nbsp;<\/p>\n<h1 style=\"text-align: left;\">St\u00f6rf \u00ed bo\u00f0i<\/h1>\n<div class=\"alfred-widget\" data-init=\"{host:'client',type:'jobs-page',region:'is',brandId:1992,color:'#4A772B'}\" data-lang=\"is\"><\/div>\n<p>&nbsp;<\/p>\n<h2><\/h2>\n<p>Steypust\u00f6\u00f0in er eftirs\u00f3knarver\u00f0ur vinnusta\u00f0ur \u00fear sem jafnr\u00e9tti og traust r\u00edkir. Saman n\u00e1um vi\u00f0 \u00e1rangri og myndum STERKARI heild. Vi\u00f0 hvetjum alla til a\u00f0 s\u00e6kja um \u00f3h\u00e1\u00f0 kyni e\u00f0a uppruna. Me\u00f0 \u00fev\u00ed a\u00f0 smella \u00e1 hlekkina h\u00e9r a\u00f0 ne\u00f0an m\u00e1 sj\u00e1 n\u00e1nar um starfi\u00f0.<\/p>\n<h2>Steypust\u00f6\u00f0in notast vi\u00f0 <a href=\"https:\/\/alfred.is\/vinnustadir\/steypustodin\">atvinnuvefinn Alfre\u00f0.<\/a><\/h2>\n<p>H\u00e6gt er a\u00f0 sko\u00f0a og s\u00e6kja um st\u00f6rf hj\u00e1 Steypust\u00f6\u00f0inni me\u00f0 \u00fev\u00ed a\u00f0 smella h\u00e9r: <span style=\"text-decoration: underline;\"><a href=\"https:\/\/alfred.is\/vinnustadir\/steypustodin\/\">https:\/\/alfred.is\/vinnustadir\/steypustodin\/<\/a><\/span><\/p>\n<p><strong>English:<\/strong><\/p>\n<p>All available jobs are found here: <span style=\"text-decoration: underline;\"><a href=\"https:\/\/alfred.is\/vinnustadir\/steypustodin\/\">https:\/\/alfred.is\/vinnustadir\/steypustodin\/<\/a><\/span><\/p>\n<p>Steypust\u00f6\u00f0in has an attractive work environment where equality and trust are paramount. United together, we reach success and come together to be STRONGER. We warmly welcome anyone to apply, no matter their gender or background.<\/p>","protected":false},"excerpt":{"rendered":"<p>&nbsp; St\u00f6rf \u00ed bo\u00f0i &nbsp; Steypust\u00f6\u00f0in er eftirs\u00f3knarver\u00f0ur vinnusta\u00f0ur \u00fear sem jafnr\u00e9tti og traust r\u00edkir. Saman n\u00e1um vi\u00f0 \u00e1rangri og myndum STERKARI heild. Vi\u00f0 hvetjum alla til a\u00f0 s\u00e6kja um \u00f3h\u00e1\u00f0 kyni e\u00f0a uppruna. Me\u00f0 \u00fev\u00ed a\u00f0 smella \u00e1 hlekkina h\u00e9r a\u00f0 ne\u00f0an m\u00e1 sj\u00e1 n\u00e1nar um starfi\u00f0. Steypust\u00f6\u00f0in notast vi\u00f0 atvinnuvefinn Alfre\u00f0. H\u00e6gt er&#8230;  <a class=\"excerpt-read-more\" href=\"https:\/\/steypustodin.is\/pl\/storf-i-bodi-jobs-alfred\/\" title=\"Read St\u00f6rf \u00ed bo\u00f0i \/ Jobs\">Czytaj dalej &raquo;<\/a><\/p>","protected":false},"author":4,"featured_media":20565,"parent":0,"menu_order":0,"comment_status":"closed","ping_status":"closed","template":"","meta":{"_acf_changed":false,"_breakdance_hide_in_design_set":false,"_breakdance_tags":"","footnotes":""},"class_list":["post-20380","page","type-page","status-publish","has-post-thumbnail","hentry"],"acf":[],"_links":{"self":[{"href":"https:\/\/steypustodin.is\/pl\/wp-json\/wp\/v2\/pages\/20380","targetHints":{"allow":["GET"]}}],"collection":[{"href":"https:\/\/steypustodin.is\/pl\/wp-json\/wp\/v2\/pages"}],"about":[{"href":"https:\/\/steypustodin.is\/pl\/wp-json\/wp\/v2\/types\/page"}],"author":[{"embeddable":true,"href":"https:\/\/steypustodin.is\/pl\/wp-json\/wp\/v2\/users\/4"}],"replies":[{"embeddable":true,"href":"https:\/\/steypustodin.is\/pl\/wp-json\/wp\/v2\/comments?post=20380"}],"version-history":[{"count":0,"href":"https:\/\/steypustodin.is\/pl\/wp-json\/wp\/v2\/pages\/20380\/revisions"}],"wp:featuredmedia":[{"embeddable":true,"href":"https:\/\/steypustodin.is\/pl\/wp-json\/wp\/v2\/media\/20565"}],"wp:attachment":[{"href":"https:\/\/steypustodin.is\/pl\/wp-json\/wp\/v2\/media?parent=20380"}],"curies":[{"name":"wp","href":"https:\/\/api.w.org\/{rel}","templated":true}]}}