{"id":12064,"date":"2022-02-10T14:04:41","date_gmt":"2022-02-10T14:04:41","guid":{"rendered":"https:\/\/steypustodin.is\/?page_id=12064"},"modified":"2022-02-10T14:07:26","modified_gmt":"2022-02-10T14:07:26","slug":"personuverndaryfirlysing","status":"publish","type":"page","link":"https:\/\/steypustodin.is\/pl\/personuverndaryfirlysing\/","title":{"rendered":"Pers\u00f3nuvernd"},"content":{"rendered":"<h1><strong>Pers\u00f3nuverndaryfirl\u00fdsing Steypust\u00f6\u00f0varinnar<\/strong><\/h1>\n<p>Me\u00f0 pers\u00f3nuverndaryfirl\u00fdsingu \u00feessari er greint fr\u00e1 \u00fev\u00ed hvernig \u00a0Steypust\u00f6\u00f0in ehf., kt. 660707-0420, Malarh\u00f6f\u00f0a 10, 110 Reykjav\u00edk (h\u00e9r eftir \u201eSteypust\u00f6\u00f0in\u201c, \u201efyrirt\u00e6ki\u00f0\u201c e\u00f0a \u201evi\u00f0\u201c ), standa a\u00f0 vinnslu, s.s. s\u00f6fnun, skr\u00e1ningu, vistun og mi\u00f0lun pers\u00f3nugreinanlegra uppl\u00fdsinga um einstaklinga (h\u00e9r eftir einnig \u201e\u00fe\u00fa\u201c). Yfirl\u00fdsingin fjallar einkum um vinnslu pers\u00f3nuuppl\u00fdsinga \u00feegar einstaklingar:<\/p>\n<ul>\n<li>hafa samband vi\u00f0 fyrirt\u00e6ki\u00f0, hvort sem \u00fea\u00f0 er \u00ed gegnum t\u00f6lvup\u00f3st, s\u00edma e\u00f0a samf\u00e9lagsmi\u00f0la<\/li>\n<li>heims\u00e6kja heimas\u00ed\u00f0u okkar, <a href=\"https:\/\/steypustodin.is\">steypustodin.is<\/a><\/li>\n<li>eru \u00ed vi\u00f0skiptum vi\u00f0 okkur e\u00f0a \u00e1 vi\u00f0skiptamannalista okkar<\/li>\n<\/ul>\n<p>Steypust\u00f6\u00f0in vinnur pers\u00f3nuuppl\u00fdsingar \u00ed samr\u00e6mi vi\u00f0 gildandi pers\u00f3nuverndarl\u00f6ggj\u00f6f \u00e1 \u00cdslandi \u00e1 hverjum t\u00edma, sem og vi\u00f0komandi ger\u00f0ir samningsins um Evr\u00f3pska efnahagssv\u00e6\u00f0i\u00f0.<\/p>\n<p><strong>Pers\u00f3nuvernd er Steypust\u00f6\u00f0inni mikilv\u00e6g<\/strong><\/p>\n<p>\u00d6flug pers\u00f3nuvernd er Steypust\u00f6\u00f0inni kappsm\u00e1l og leggjum vi\u00f0 mikla \u00e1herslu \u00e1 a\u00f0 vir\u00f0a r\u00e9ttindi einstaklinga og a\u00f0 \u00f6ll me\u00f0fer\u00f0 pers\u00f3nuuppl\u00fdsinga s\u00e9 \u00e1vallt \u00ed samr\u00e6mi vi\u00f0 gildandi regluverk \u00e1 hverjum t\u00edma, sem og \u00ed samr\u00e6mi vi\u00f0 bestu venjur.<\/p>\n<p>&nbsp;<\/p>\n<p><strong>Hva\u00f0a pers\u00f3nuuppl\u00fdsingum safnar Steypust\u00f6\u00f0in um \u00feig og hver er tilgangurinn me\u00f0 s\u00f6fnuninni?<\/strong><\/p>\n<p>Steypust\u00f6\u00f0in leggur \u00e1herslu \u00e1 a\u00f0 vinna einungis \u00fe\u00e6r pers\u00f3nuuppl\u00fdsingar sem nau\u00f0synlegar eru \u00ed samr\u00e6mi vi\u00f0 \u00feann tilgang sem liggur a\u00f0 baki s\u00f6fnun uppl\u00fdsinganna. Fyrirt\u00e6ki\u00f0 vinnur pers\u00f3nuuppl\u00fdsingar ekki frekar \u00ed \u00f3skyldum tilgangi nema einstaklingi s\u00e9 tilkynnt um sl\u00edkt og \u00fe\u00e1 heimild sem vinnslan byggist \u00e1.<\/p>\n<p>Steypust\u00f6\u00f0in safnar, eins og vi\u00f0 \u00e1 hverju sinni, \u00a0einkum eftirfarandi pers\u00f3nuuppl\u00fdsingum:<\/p>\n<ul>\n<li>&#8211; au\u00f0kennis- og samskiptauppl\u00fdsingum, s.s. nafni og kennit\u00f6lu, heimilisfangi, t\u00f6lvup\u00f3stfangi, s\u00edman\u00fameri<\/li>\n<li>&#8211; fj\u00e1rm\u00e1lauppl\u00fdsingum, s.s. korta\/grei\u00f0sluuppl\u00fdsingum<\/li>\n<li>&#8211; t\u00e6knilegum uppl\u00fdsingum, s.s. IP t\u00f6lu<\/li>\n<li>&#8211; stafr\u00e6num f\u00f3tsporum, s.s. netheg\u00f0un<\/li>\n<li>&#8211; uppl\u00fdsingum \u00ed tengslum vi\u00f0 val \u00e1 marka\u00f0ssetningu<\/li>\n<li>&#8211; samt\u00f6lum \u00ed gegnum samf\u00e9lagsmi\u00f0la<\/li>\n<li>&#8211; myndefni \u00far uppt\u00f6kum eftirlitsmyndav\u00e9la<\/li>\n<\/ul>\n<p>Steypust\u00f6\u00f0in safnar ekki uppl\u00fdsingum sem g\u00e6tu flokkast sem vi\u00f0kv\u00e6mar pers\u00f3nuuppl\u00fdsingar.<\/p>\n<p>Steypust\u00f6\u00f0in vinnur pers\u00f3nuuppl\u00fdsingar einkum \u00ed \u00feeim tilgangi a\u00f0:<\/p>\n<ul>\n<li>&#8211; stunda marka\u00f0ssetningu og framkv\u00e6ma greiningar<\/li>\n<li>&#8211; sinna eigna- og \u00f6ryggisv\u00f6rslu, t.a.m. \u00ed gegnum eftirlitsmyndav\u00e9lar<\/li>\n<li>&#8211; breg\u00f0ast vi\u00f0 fyrirspurnum, kv\u00f6rtunum og hr\u00f3si fr\u00e1 einstaklingum<\/li>\n<li>&#8211; uppfylla lagaskyldu sem hv\u00edlir \u00e1 fyrirt\u00e6kinu<\/li>\n<\/ul>\n<p>\u00deegar \u00fe\u00fa notar heimas\u00ed\u00f0una okkar <a href=\"https:\/\/steypustodin.is\">www.Steypustodin.is<\/a> s\u00f6fnum vi\u00f0 uppl\u00fdsingum um notkun \u00fe\u00edna, \u00fe.e. IP t\u00f6lu, tegund e\u00f0a \u00fatg\u00e1fu vafra sem \u00fe\u00fa notar, t\u00edmasetningu og t\u00edmalengd heims\u00f3knar og hva\u00f0a undirs\u00ed\u00f0ur \u00fe\u00fa heims\u00e6kir innan heimas\u00ed\u00f0u Steypust\u00f6\u00f0varinnar. H\u00e9r m\u00e1 finna n\u00e1nari uppl\u00fdsingar um notkun okkar \u00e1 vafra\u00f6kum (e. cookies)<\/p>\n<p>&nbsp;<\/p>\n<p><strong>Lagalegur grundv\u00f6llur fyrir vinnslu <\/strong><\/p>\n<p>Steypust\u00f6\u00f0in safnar og vinnur pers\u00f3nuuppl\u00fdsingar byggt \u00e1 eftirfarandi heimildum:<\/p>\n<ul>\n<li>&#8211; Til a\u00f0 uppfylla samningsskyldu.<\/li>\n<li>&#8211; Til a\u00f0 uppfylla lagaskyldu. \u00deessi heimild \u00e1 einkum vi\u00f0 \u00ed tengslum vi\u00f0 g\u00f6gn sem falla undir b\u00f3khaldsl\u00f6g.<\/li>\n<li>&#8211; Til a\u00f0 vernda l\u00f6gm\u00e6ta hagsmuni f\u00e9lagsins. \u00deessi heimild \u00e1 einkum vi\u00f0 \u00ed tengslum vi\u00f0 myndav\u00e9laeftirlit \u00e1 sv\u00e6\u00f0i fyrirt\u00e6kisins \u00ed eigna- og \u00f6ryggisv\u00f6rsluskyni, \u00e1samt innheimtu vanskilakrafna.<\/li>\n<\/ul>\n<p>&nbsp;<\/p>\n<p><strong>Hversu lengi geymum vi\u00f0 pers\u00f3nuuppl\u00fdsingar um \u00feig?<\/strong><\/p>\n<p>Steypust\u00f6\u00f0in geymir pers\u00f3nuuppl\u00fdsingar \u00ed \u00feann t\u00edma sem nau\u00f0synlegur er til a\u00f0 uppfylla tilgang vinnslunnar eins og greint er fr\u00e1 honum h\u00e9r a\u00f0 ofan. Sem d\u00e6mi er \u00feeim uppl\u00fdsingum sem ver\u00f0a til \u00ed gegnum myndav\u00e9laeftirlit eytt eftir 60 daga. \u00de\u00e6r uppl\u00fdsingar sem teljast til b\u00f3khaldsgagna geymdar \u00ed sj\u00f6 \u00e1r samkv\u00e6mt b\u00f3khaldsl\u00f6gum nr. 145\/1994.<\/p>\n<p>&nbsp;<\/p>\n<p><strong>Fr\u00e1 hverjum safnar Steypust\u00f6\u00f0in \u00fe\u00ednum pers\u00f3nuuppl\u00fdsingum?<\/strong><\/p>\n<p>Vi\u00f0 s\u00f6fnum pers\u00f3nuuppl\u00fdsingum fr\u00e1 \u00fe\u00e9r, og \u00ed vissum tilvikum fr\u00e1 utana\u00f0komandi a\u00f0ilum \u00e1 bor\u00f0 vi\u00f0 Credit Info.<\/p>\n<p>&nbsp;<\/p>\n<p><strong>Hven\u00e6r mi\u00f0lar Steypust\u00f6\u00f0in pers\u00f3nuuppl\u00fdsingum \u00fe\u00ednum til \u00feri\u00f0ju a\u00f0ila og af hverju? <\/strong><\/p>\n<p>Steypust\u00f6\u00f0in selur ekki undir neinum kringumst\u00e6\u00f0um pers\u00f3nuuppl\u00fdsingar um \u00feig. Fyrirt\u00e6ki\u00f0 mi\u00f0lar einungis pers\u00f3nuuppl\u00fdsingum til \u00feri\u00f0ju a\u00f0ila \u00fear sem sem sl\u00edkt er skylt samkv\u00e6mt l\u00f6gum e\u00f0a ef um er a\u00f0 r\u00e6\u00f0a \u00fej\u00f3nustuveitanda, umbo\u00f0smann e\u00f0a verktaka sem r\u00e1\u00f0inn er af h\u00e1lfu Steypust\u00f6\u00f0varinnar til \u00feess a\u00f0 vinna fyrirfram \u00e1kve\u00f0na vinnu. Sem d\u00e6mi m\u00e1 nefna a\u00f0ila sem sj\u00e1 um:<\/p>\n<ul>\n<li>&#8211; a\u00f0 framkv\u00e6ma greiningar<\/li>\n<li>&#8211; uppl\u00fdsingat\u00e6kni- og fjarskipta\u00fej\u00f3nustu<\/li>\n<\/ul>\n<p>Teljist a\u00f0ili sem Steypust\u00f6\u00f0in mi\u00f0lar pers\u00f3nuuppl\u00fdsingum til vera vinnslua\u00f0ili gerir fyrirt\u00e6ki\u00f0 vinnslusamning vi\u00f0 vi\u00f0komandi a\u00f0ila. Vinnslusamningar kve\u00f0a me\u00f0al annars \u00e1 um skyldu vinnslua\u00f0ila til a\u00f0 halda pers\u00f3nuuppl\u00fdsingum \u00f6ruggum og a\u00f0 nota \u00fe\u00e6r ekki \u00ed \u00f6\u00f0rum tilgangi. Steypust\u00f6\u00f0in deilir einnig pers\u00f3nuuppl\u00fdsingum me\u00f0 \u00feri\u00f0ju a\u00f0ilum \u00feegar sl\u00edkt er nau\u00f0synlegt til a\u00f0 vernda br\u00fdna hagsmuni fyrirt\u00e6kisins, eins og vi\u00f0 innheimtu \u00e1 vanskilakr\u00f6fu.<\/p>\n<p>Pers\u00f3nuverndaryfirl\u00fdsing Steypust\u00f6\u00f0varinnar n\u00e6r ekki til uppl\u00fdsinga e\u00f0a vinnslu \u00feri\u00f0ju a\u00f0ila en vi\u00f0 h\u00f6fum enga stj\u00f3rn \u00e1 n\u00e9 berum \u00e1byrg\u00f0 \u00e1 notkun, birtingu e\u00f0a \u00f6\u00f0rum verkum \u00feeirra. Vi\u00f0 hvetjum \u00feig \u00fev\u00ed til a\u00f0 kynna \u00fe\u00e9r pers\u00f3nuverndaryfirl\u00fdsingar \u00feri\u00f0ju a\u00f0ila, \u00fe. \u00e1 m. vefh\u00fdsingara\u00f0ilum \u00feeirra s\u00ed\u00f0na sem geta v\u00edsa\u00f0 \u00e1 okkar, hugb\u00fana\u00f0arfyrirt\u00e6kja \u00e1 bor\u00f0 vi\u00f0 Facebook, Google og Microsoft \u00e1samt \u00feeirri grei\u00f0slu\u00fej\u00f3nustu sem \u00fe\u00fa k\u00fdst a\u00f0 nota.<\/p>\n<p><strong>\u00d6ryggi pers\u00f3nuuppl\u00fdsinga og tilkynning um \u00f6ryggisbrot<\/strong><\/p>\n<p>\u00d6ryggi \u00ed vinnslu pers\u00f3nuuppl\u00fdsinga er Steypust\u00f6\u00f0inni mikilv\u00e6gt og h\u00f6fum vi\u00f0 gripi\u00f0 til vi\u00f0eigandi t\u00e6knilegra og skipulagslegra \u00f6ryggisr\u00e1\u00f0stafana til a\u00f0 tryggja vernd pers\u00f3nuuppl\u00fdsinga \u00feinna \u00ed takt vi\u00f0 stefnu okkar um \u00f6ryggi. Komi upp \u00f6ryggisbrot er var\u00f0ar \u00fe\u00ednar pers\u00f3nuuppl\u00fdsingar, og teljist sl\u00edkt brot hafa \u00ed f\u00f6r me\u00f0 s\u00e9r mikla \u00e1h\u00e6ttu fyrir frelsi og r\u00e9ttindi \u00fe\u00edn, munum vi\u00f0 tilkynna \u00fe\u00e9r um \u00fea\u00f0 \u00e1n \u00f3tilhl\u00fd\u00f0ilegrar tafar. \u00cd \u00feessum skilningi telst \u00f6ryggisbrot atbur\u00f0ur sem lei\u00f0ir til \u00feess a\u00f0 pers\u00f3nuuppl\u00fdsingar \u00fe\u00ednar glatist e\u00f0a ey\u00f0ist, \u00fe\u00e6r breytist, s\u00e9u birtar e\u00f0a \u00f3vi\u00f0komandi f\u00e1i a\u00f0gang a\u00f0 \u00feeim \u00ed leyfisleysi. H\u00e9r viljum vi\u00f0 \u00fe\u00f3 vekja athygli \u00e1 \u00fev\u00ed a\u00f0 \u00fe\u00e6r pers\u00f3nuuppl\u00fdsingar sem \u00fe\u00fa deilir me\u00f0 okkur \u00e1 samf\u00e9lagsmi\u00f0lum, t.d. Facebook s\u00ed\u00f0u Steypust\u00f6\u00f0varinnar teljast opinberar uppl\u00fdsingar og ekki \u00e1 forr\u00e6\u00f0i fyrirt\u00e6kisins \u00fear sem Steypust\u00f6\u00f0in hefur enga stj\u00f3rn \u00e1 sl\u00edkum uppl\u00fdsingum n\u00e9 bera \u00e1byrg\u00f0 \u00e1 notkun e\u00f0a birtingu \u00feeirra. Standi vilji \u00feinn ekki til \u00feess a\u00f0 deila \u00feeim uppl\u00fdsingum me\u00f0 \u00f6\u00f0rum notendum e\u00f0a veitanda samf\u00e9lagsmi\u00f0la\u00fej\u00f3nustunnar skaltu ekki deila uppl\u00fdsingum \u00e1 samf\u00e9lagsmi\u00f0lum okkar. Vi\u00f0 hvetjum \u00feig einnig til a\u00f0 kynna \u00fe\u00e9r pers\u00f3nuverndaryfirl\u00fdsingar \u00feessara a\u00f0ila, Facebook, Google og Microsoft. Athuga\u00f0u a\u00f0 \u00feegar \u00fe\u00fa fer\u00f0 inn \u00e1 Facebook s\u00ed\u00f0u okkar, er m\u00f6gulegt a\u00f0 Facebook komi fyrir vafrak\u00f6kum \u00ed t\u00e6ki \u00fe\u00ednu \u00ed greiningarskyni.<\/p>\n<p>&nbsp;<\/p>\n<p><strong>R\u00e9ttindi \u00fe\u00edn<\/strong><\/p>\n<p>Me\u00f0 fyrirvara um \u00feau skilyr\u00f0i sem n\u00e1nar er fjalla\u00f0 um \u00ed gildandi l\u00f6ggj\u00f6f um pers\u00f3nuvernd, \u00fe\u00e1 \u00e1tt \u00fe\u00fa r\u00e9tt \u00e1 a\u00f0:<\/p>\n<ul>\n<li>&#8211; f\u00e1 uppl\u00fdsingar um hva\u00f0a pers\u00f3nuuppl\u00fdsingar fyrirt\u00e6ki\u00f0 hefur skr\u00e1\u00f0 um \u00feig og uppruna \u00feeirra, sem og uppl\u00fdsingar um hvernig unni\u00f0 er me\u00f0 pers\u00f3nuuppl\u00fdsingar um \u00feig,<\/li>\n<li>&#8211; f\u00e1 a\u00f0gang a\u00f0 \u00feeim pers\u00f3nuuppl\u00fdsingum sem eru unnar um \u00feig, e\u00f0a \u00f3ska eftir a\u00f0 \u00fe\u00e6r s\u00e9u sendar til \u00feri\u00f0ja a\u00f0ila,<\/li>\n<li>&#8211; pers\u00f3nuuppl\u00fdsingar \u00fe\u00ednar s\u00e9u uppf\u00e6r\u00f0ar og lei\u00f0r\u00e9ttar ef tilefni er til,<\/li>\n<li>&#8211; Steypust\u00f6\u00f0in ey\u00f0i pers\u00f3nuuppl\u00fdsingum \u00fe\u00ednum ef ekki er m\u00e1lefnaleg e\u00f0a lagaleg skylda til a\u00f0 var\u00f0veita \u00fe\u00e6r,<\/li>\n<li>&#8211; koma \u00e1 framf\u00e6ri andm\u00e6lum ef \u00fe\u00fa vilt takmarka e\u00f0a koma \u00ed veg fyrir a\u00f0 pers\u00f3nuuppl\u00fdsingar \u00fe\u00ednar s\u00e9u unnar,<\/li>\n<li>&#8211; uppl\u00fdsingar um \u00fea\u00f0 hvort fram fari sj\u00e1lfvirk \u00e1kvar\u00f0anataka, \u00e1 hva\u00f0a r\u00f6kum sl\u00edk \u00e1kvar\u00f0anataka er bygg\u00f0 og endursko\u00f0un \u00e1 sj\u00e1lfvirkri \u00e1kvar\u00f0anat\u00f6ku,<\/li>\n<li>&#8211; afturkalla sam\u00feykki \u00feitt um a\u00f0 Steypust\u00f6\u00f0in megi safna, skr\u00e1, vinna e\u00f0a geyma pers\u00f3nuuppl\u00fdsingar \u00fe\u00ednar, \u00feegar vinnsla byggist \u00e1 \u00feeirri heimild.<\/li>\n<\/ul>\n<p>&nbsp;<\/p>\n<p>Viljir \u00fe\u00fa n\u00fdta r\u00e9tt \u00feinn getur \u00fe\u00fa sent skriflega fyrirspurn \u00e1 sVi\u00f0 munum sta\u00f0festa m\u00f3tt\u00f6ku \u00e1 bei\u00f0ninni og a\u00f0 jafna\u00f0i breg\u00f0ast vi\u00f0 bei\u00f0num innan m\u00e1na\u00f0ar fr\u00e1 m\u00f3tt\u00f6ku. Ver\u00f0i ekki unnt a\u00f0 breg\u00f0ast vi\u00f0 innan m\u00e1na\u00f0ar munum vi\u00f0 tilkynna \u00fe\u00e9r um t\u00f6f \u00e1 afgrei\u00f0slu innan m\u00e1na\u00f0ar. Ekki er innheimt gjald \u00feegar einstaklingar n\u00fdta r\u00e9tt sinn \u00ed samr\u00e6mi vi\u00f0 ofangreint, nema \u00ed \u00feeim tilvikum sem bei\u00f0ni telst \u00f3h\u00f3fleg e\u00f0a auglj\u00f3slega tilefnislaus.<\/p>\n<p>\u00de\u00fa hefur einnig r\u00e9tt\u00a0 til a\u00f0 leggja fram kv\u00f6rtun hj\u00e1 Pers\u00f3nuvernd sj\u00e1ir \u00fe\u00fa \u00e1st\u00e6\u00f0u til \u00feess. Uppl\u00fdsingar um Pers\u00f3nuvernd m\u00e1 finna \u00e1 heimas\u00ed\u00f0u \u00feeirra, <a href=\"http:\/\/www.personuvernd.is\">www.personuvernd.is<\/a>.<\/p>\n<p>&nbsp;<\/p>\n<p><strong>Frekari uppl\u00fdsingar <\/strong><\/p>\n<p>Ef \u00fe\u00fa vilt f\u00e1 frekari uppl\u00fdsingar um m\u00e1lefni sem sn\u00faa a\u00f0 \u00fe\u00ednum pers\u00f3nuuppl\u00fdsingum \u00fe\u00e1 bendum vi\u00f0 \u00fe\u00e9r \u00e1 a\u00f0 hafa samband vi\u00f0 skrifstofu Steypust\u00f6\u00f0varinnar.<\/p>\n<p>Steypust\u00f6\u00f0in ehf.<br \/>\nMalarh\u00f6f\u00f0a 10<br \/>\n110 Reykjav\u00edk<br \/>\n440-0400<br \/>\ns<a href=\"mailto:teypustodin@steypustodin.is\">teypustodin@steypustodin.is<\/a><\/p>\n<p>&nbsp;<\/p>\n<p><strong>Yfirfer\u00f0 og endursko\u00f0un pers\u00f3nuverndaryfirl\u00fdsingar Steypust\u00f6\u00f0varinnar<\/strong><\/p>\n<p>Pers\u00f3nuverndaryfirl\u00fdsingin er endursko\u00f0u\u00f0 reglulega og uppf\u00e6r\u00f0 ef tilefni er til. S\u00ed\u00f0ast var stefnan uppf\u00e6r\u00f0 \u00feann 3.1.2022.<\/p>\n<p>&nbsp;<\/p>\n<p>&nbsp;<\/p>\n<p>&nbsp;<\/p>\n<p>&nbsp;<\/p>\n<p>&nbsp;<\/p>\n<p>&nbsp;<\/p>\n<p>&nbsp;<\/p>\n<p>&nbsp;<\/p>","protected":false},"excerpt":{"rendered":"<p>Pers\u00f3nuverndaryfirl\u00fdsing Steypust\u00f6\u00f0varinnar Me\u00f0 pers\u00f3nuverndaryfirl\u00fdsingu \u00feessari er greint fr\u00e1 \u00fev\u00ed hvernig \u00a0Steypust\u00f6\u00f0in ehf., kt. 660707-0420, Malarh\u00f6f\u00f0a 10, 110 Reykjav\u00edk (h\u00e9r eftir \u201eSteypust\u00f6\u00f0in\u201c, \u201efyrirt\u00e6ki\u00f0\u201c e\u00f0a \u201evi\u00f0\u201c ), standa a\u00f0 vinnslu, s.s. s\u00f6fnun, skr\u00e1ningu, vistun og mi\u00f0lun pers\u00f3nugreinanlegra uppl\u00fdsinga um einstaklinga (h\u00e9r eftir einnig \u201e\u00fe\u00fa\u201c). Yfirl\u00fdsingin fjallar einkum um vinnslu pers\u00f3nuuppl\u00fdsinga \u00feegar einstaklingar: hafa samband vi\u00f0 fyrirt\u00e6ki\u00f0, hvort&#8230;  <a class=\"excerpt-read-more\" href=\"https:\/\/steypustodin.is\/pl\/personuverndaryfirlysing\/\" title=\"Read Pers\u00f3nuvernd\">Czytaj dalej &raquo;<\/a><\/p>","protected":false},"author":4,"featured_media":0,"parent":0,"menu_order":0,"comment_status":"closed","ping_status":"closed","template":"","meta":{"_acf_changed":false,"_breakdance_hide_in_design_set":false,"_breakdance_tags":"","footnotes":""},"class_list":["post-12064","page","type-page","status-publish","hentry"],"acf":[],"_links":{"self":[{"href":"https:\/\/steypustodin.is\/pl\/wp-json\/wp\/v2\/pages\/12064","targetHints":{"allow":["GET"]}}],"collection":[{"href":"https:\/\/steypustodin.is\/pl\/wp-json\/wp\/v2\/pages"}],"about":[{"href":"https:\/\/steypustodin.is\/pl\/wp-json\/wp\/v2\/types\/page"}],"author":[{"embeddable":true,"href":"https:\/\/steypustodin.is\/pl\/wp-json\/wp\/v2\/users\/4"}],"replies":[{"embeddable":true,"href":"https:\/\/steypustodin.is\/pl\/wp-json\/wp\/v2\/comments?post=12064"}],"version-history":[{"count":0,"href":"https:\/\/steypustodin.is\/pl\/wp-json\/wp\/v2\/pages\/12064\/revisions"}],"wp:attachment":[{"href":"https:\/\/steypustodin.is\/pl\/wp-json\/wp\/v2\/media?parent=12064"}],"curies":[{"name":"wp","href":"https:\/\/api.w.org\/{rel}","templated":true}]}}